{"id":3,"date":"2022-08-23T18:17:04","date_gmt":"2022-08-23T18:17:04","guid":{"rendered":"https:\/\/www.luciernaga.com.mx\/bs-consultores\/?page_id=3"},"modified":"2022-08-24T23:53:37","modified_gmt":"2022-08-24T23:53:37","slug":"privacy-policy","status":"publish","type":"page","link":"https:\/\/www.luciernaga.com.mx\/bs-consultores\/privacy-policy\/","title":{"rendered":"Aviso de privacidad"},"content":{"rendered":"\t\t<div data-elementor-type=\"wp-page\" data-elementor-id=\"3\" class=\"elementor elementor-3\">\n\t\t\t\t\t\t<section class=\"elementor-section elementor-top-section elementor-element elementor-element-6de8a1b3 elementor-section-boxed elementor-section-height-default elementor-section-height-default\" data-id=\"6de8a1b3\" data-element_type=\"section\">\n\t\t\t\t\t\t<div class=\"elementor-container elementor-column-gap-default\">\n\t\t\t\t\t<div class=\"elementor-column elementor-col-100 elementor-top-column elementor-element elementor-element-4b3768f9\" data-id=\"4b3768f9\" data-element_type=\"column\">\n\t\t\t<div class=\"elementor-widget-wrap elementor-element-populated\">\n\t\t\t\t\t\t<div class=\"elementor-element elementor-element-6fa37eb0 elementor-widget elementor-widget-text-editor\" data-id=\"6fa37eb0\" data-element_type=\"widget\" data-widget_type=\"text-editor.default\">\n\t\t\t\t<div class=\"elementor-widget-container\">\n\t\t\t\t\t\t\t<!-- wp:heading -->\n<p><strong>Aviso de Privacidad<\/strong><\/p>\n<p>\u00a0<\/p>\n<p><strong>Baez &amp; Sanz Consultores Patrimoniales<\/strong>,\u00a0<strong>S.C.<\/strong>, con domicilio en Av. Javier Barros Sierra No. 540 piso 1 Oficina 101, Col. Santa Fe, Alcald\u00eda \u00c1lvaro Obreg\u00f3n, Ciudad de M\u00e9xico, C.P. 01210, es el responsable del uso y protecci\u00f3n de sus datos personales, y al respecto le informamos lo siguiente:<\/p>\n<p>\u00a0<\/p>\n<p><strong>\u00bfPara qu\u00e9 fines utilizaremos sus datos personales?<\/strong><\/p>\n<p>\u00a0<\/p>\n<p>Los datos personales que recabamos de usted, los utilizaremos para las siguientes finalidades que son necesarias para el servicio que solicita:<\/p>\n<p>\u00a0<\/p>\n<ol>\n<li>Prestar los servicios solicitados por usted, relacionados con consultor\u00eda fiscal, asesor\u00eda patrimonial, planeaci\u00f3n hereditaria, asesor\u00eda legal, asesor\u00eda fiscal y financiera, precios de transferencia, cabinas inteligentes, inteligencia de negocios, entre otros.<\/li>\n<\/ol>\n<p>\u00a0<\/p>\n<ol>\n<li>Prestar los servicios solicitados por usted, relacionados con asesor\u00eda de negocios en el giro comercial, industrial y de servicio, as\u00ed como negocios con enfoque familiar o negocios multinacionales, entre otros.<\/li>\n<\/ol>\n<p>\u00a0<\/p>\n<ol>\n<li>Prestar los servicios solicitados por usted, relacionados con la asesor\u00eda y atenci\u00f3n personalizada en la implementaci\u00f3n de mejores pr\u00e1cticas, organizaci\u00f3n de informaci\u00f3n inteligente, productividad y administraci\u00f3n de control de riesgos, entre otros.<\/li>\n<\/ol>\n<p>\u00a0<\/p>\n<p>De manera adicional, utilizaremos su informaci\u00f3n personal para las siguientes finalidades que no son necesarias para el servicio solicitado, pero que nos permiten y facilitan brindarle una mejor atenci\u00f3n:<\/p>\n<p>\u00a0<\/p>\n<ol>\n<li>Prestar los servicios solicitados por usted, mediante la publicidad y\/o promoci\u00f3n en sitios web, redes sociales, correo electr\u00f3nico, servicios de mensajer\u00eda como WhatsApp, Telegram, entre otros.<\/li>\n<\/ol>\n<p>\u00a0<\/p>\n<ol>\n<li>Prestar los servicios solicitados por usted, mediante la proporci\u00f3n de informaci\u00f3n relacionada con los servicios requeridos a terceros interesados.<\/li>\n<\/ol>\n<p>\u00a0<\/p>\n<p>En caso de que no desee que sus datos personales sean tratados para estos fines adicionales, desde este momento usted nos puede comunicar lo anterior, por medio de un correo electr\u00f3nico en el que manifieste expresamente su instrucci\u00f3n a la cuenta de correo siguiente: privacidad@bsconsultores.biz<\/p>\n<p>\u00a0<\/p>\n<p>La negativa para el uso de sus datos personales no ser\u00e1 motivo para que le neguemos los servicios que solicita o contrata con nosotros.<\/p>\n<p>\u00a0<\/p>\n<p>\u00a0<\/p>\n<p><strong>\u00bfQu\u00e9 datos personales utilizaremos para estos fines?<\/strong><\/p>\n<p>\u00a0<\/p>\n<p>Para llevar a cabo las finalidades descritas en el presente aviso de privacidad, utilizaremos los siguientes datos personales:<\/p>\n<p>\u00a0<\/p>\n<p><strong>Datos de identificaci\u00f3n:<\/strong>\u00a0Nombre y apellidos; estado civil; firma aut\u00f3grafa y electr\u00f3nica; Registro Federal de Contribuyentes (RFC); Clave \u00danica de Registro de Poblaci\u00f3n (CURP); identificaci\u00f3n oficial vigente con fotograf\u00eda (INE, PASAPORTE, C\u00c9DULA PROFESIONAL); lugar y fecha de nacimiento; nacionalidad; edad, entre otros.<\/p>\n<p>\u00a0<\/p>\n<p><strong>Datos de contacto:<\/strong>\u00a0Domicilio; correo electr\u00f3nico; tel\u00e9fono fijo; tel\u00e9fono celular, servicio de mensajer\u00eda como WhatsApp, Telegram, entre otros entre otros.<\/p>\n<p>\u00a0<\/p>\n<p><strong>Datos laborales:<\/strong>\u00a0Puesto, domicilio de trabajo, correo electr\u00f3nico institucional, tel\u00e9fono institucional; referencias laborales; fecha de ingreso y salida del empleo, entre otros.<\/p>\n<p>\u00a0<\/p>\n<p><strong>Datos patrimoniales o financieros:<\/strong>\u00a0Bienes muebles e inmuebles; informaci\u00f3n fiscal; historial crediticio; ingresos y egresos; cuentas bancarias; seguros; afores; fianzas, n\u00famero de tarjeta de cr\u00e9dito, n\u00famero de seguridad social, entre otros.<\/p>\n<p>\u00a0<\/p>\n<p>Adem\u00e1s de los datos personales mencionados anteriormente, para las finalidades se\u00f1aladas en el presente aviso de privacidad, es posible que derivado de los servicios solicitados, se tenga conocimiento de otros datos personales considerados como sensibles, que requieren de especial protecci\u00f3n como lo son:<\/p>\n<p>\u00a0<\/p>\n<p><strong>Datos ideol\u00f3gicos:<\/strong>\u00a0Posturas ideol\u00f3gicas, religiosas, filos\u00f3ficas o morales.<\/p>\n<p>\u00a0<\/p>\n<p><strong>Datos sobre opiniones pol\u00edticas:<\/strong>\u00a0Opini\u00f3n de un hecho pol\u00edtico o sobre su postura pol\u00edtica en general.<\/p>\n<p>\u00a0<\/p>\n<p><strong>Datos sobre afiliaci\u00f3n sindical:<\/strong>\u00a0Pertenencia a un sindicato y la informaci\u00f3n que de ello derive.<\/p>\n<p>\u00a0<\/p>\n<p><strong>Datos de salud:<\/strong>\u00a0Informaci\u00f3n relacionada con la valoraci\u00f3n, preservaci\u00f3n, cuidado, mejoramiento y recuperaci\u00f3n de su estado de salud f\u00edsico o mental, presente, pasado o futuro, as\u00ed como informaci\u00f3n gen\u00e9tica.<\/p>\n<p>\u00a0<\/p>\n<p><strong>Datos de origen \u00e9tnico o racial:<\/strong>\u00a0Informaci\u00f3n concerniente a su pertenencia a un pueblo, etnia o regi\u00f3n que la distingue por sus condiciones e identidades sociales, culturales y econ\u00f3micas, as\u00ed como por sus costumbres, tradiciones, creencias.<\/p>\n<p>\u00a0<\/p>\n<p><strong>\u00bfC\u00f3mo puede acceder, rectificar o cancelar sus datos personales, u oponerse a su uso?<\/strong><\/p>\n<p>\u00a0<\/p>\n<p>Usted tiene derecho a conocer qu\u00e9 datos personales tenemos de usted, para qu\u00e9 los utilizamos y las condiciones del uso que les damos (Acceso). Asimismo, es su derecho solicitar la correcci\u00f3n de su informaci\u00f3n personal en caso de que est\u00e9 desactualizada, sea inexacta o incompleta (Rectificaci\u00f3n); que la eliminemos de nuestros registros o bases de datos cuando considere que la misma no est\u00e1 siendo utilizada conforme a los principios, deberes y obligaciones previstas en la normativa (Cancelaci\u00f3n); as\u00ed como oponerse al uso de sus datos personales para fines espec\u00edficos (Oposici\u00f3n). Estos derechos se conocen como derechos ARCO.<\/p>\n<p>\u00a0<\/p>\n<p>Para el ejercicio de cualquiera de los derechos ARCO, usted deber\u00e1 presentar la solicitud respectiva a la cuenta de correo electr\u00f3nico: privacidad@bsconsultores.biz<\/p>\n<p>\u00a0<\/p>\n<p>Para conocer el procedimiento y requisitos para el ejercicio de los derechos ARCO, usted podr\u00e1 llamar al siguiente n\u00famero telef\u00f3nico 5552922242; ingresar a nuestro sitio de Internet https:\/\/www.bs-consultores.com.mx\/ a la secci\u00f3n contacto, o bien ponerse en contacto con nuestro Departamento de Privacidad, quien dar\u00e1 tr\u00e1mite a las solicitudes para el ejercicio de estos derechos y atender\u00e1 cualquier duda que pudiera tener respecto al tratamiento de su informaci\u00f3n.<\/p>\n<p>\u00a0<\/p>\n<p><strong>Los datos de contacto del Departamento de Privacidad son los siguientes:<\/strong><\/p>\n<p>\u00a0<\/p>\n<p>Domicilio: Av. Javier Barros Sierra No. 540 piso 1 Oficina 101, Col. Santa Fe, Alcald\u00eda \u00c1lvaro Obreg\u00f3n, Ciudad de M\u00e9xico, C.P. 01210<\/p>\n<p>Tel\u00e9fono: 5552922242<\/p>\n<p>Correo electr\u00f3nico: privacidad@bsconsultores.biz<\/p>\n<p>Atenci\u00f3n: Departamento de Privacidad<\/p>\n<p>\u00a0<\/p>\n<p><strong>\u00bfC\u00f3mo puede revocar su consentimiento para el uso de sus datos personales?<\/strong><\/p>\n<p>\u00a0<\/p>\n<p>Usted puede revocar el consentimiento que, en su caso, nos haya otorgado para el tratamiento de sus datos personales. Sin embargo, es importante que tenga en cuenta que no en todos los casos podremos atender su solicitud o concluir el uso de forma inmediata, ya que es posible que por alguna obligaci\u00f3n legal requiramos seguir tratando sus datos personales. Asimismo, usted deber\u00e1 considerar que para ciertos fines, la revocaci\u00f3n de su consentimiento implicar\u00e1 que no le podamos seguir prestando el servicio que nos solicit\u00f3, o la conclusi\u00f3n de su relaci\u00f3n con nosotros.<\/p>\n<p>\u00a0<\/p>\n<p>Para revocar su consentimiento deber\u00e1 presentar su solicitud a la cuenta de correo electr\u00f3nico: privacidad@bsconsultores.biz<\/p>\n<p>\u00a0<\/p>\n<p><strong>\u00bfC\u00f3mo puede limitar el uso o divulgaci\u00f3n de su informaci\u00f3n personal?<\/strong><\/p>\n<p>\u00a0<\/p>\n<p>Con objeto de que usted pueda limitar el uso y divulgaci\u00f3n de su informaci\u00f3n personal, le ofrecemos los siguientes medios:<\/p>\n<p>\u00a0<\/p>\n<ul>\n<li>Su inscripci\u00f3n en el Registro P\u00fablico para Evitar Publicidad, que est\u00e1 a cargo de la Procuradur\u00eda Federal del Consumidor, con la finalidad de que sus datos personales no sean utilizados para recibir publicidad o promociones de empresas de bienes o servicios.<\/li>\n<\/ul>\n<p>\u00a0<\/p>\n<ul>\n<li>Para m\u00e1s informaci\u00f3n sobre este registro, usted puede consultar el portal de Internet de la PROFECO, o bien ponerse en contacto directo con \u00e9sta.<\/li>\n<\/ul>\n<p>\u00a0<\/p>\n<ul>\n<li>Su registro en el listado de exclusi\u00f3n \u201cClientes no autorizados\u201d, a fin de que sus datos personales no sean tratados para fines mercadot\u00e9cnicos, publicitarios o de prospecci\u00f3n comercial por nuestra parte. Para m\u00e1s informaci\u00f3n llamar al n\u00famero telef\u00f3nico 5552922242, enviar un correo electr\u00f3nico a la siguiente direcci\u00f3n privacidad@bsconsultores.biz, o bien, consultar nuestra p\u00e1gina de Internet https:\/\/www.bs-consultores.com.mx\/<\/li>\n<\/ul>\n<p>\u00a0<\/p>\n<p><strong>Del uso de tecnolog\u00edas de rastreo en nuestro portal de Internet<\/strong><\/p>\n<p>\u00a0<\/p>\n<p>Le informamos que en nuestra p\u00e1gina de Internet utilizamos cookies, web beacons y otras tecnolog\u00edas a trav\u00e9s de las cuales es posible monitorear su comportamiento como usuario de Internet, as\u00ed como brindarle un mejor servicio y experiencia de usuario al navegar en nuestra p\u00e1gina.<\/p>\n<p>\u00a0<\/p>\n<p><strong>\u00bfC\u00f3mo puede conocer los cambios a este aviso de privacidad?<\/strong><\/p>\n<p>\u00a0<\/p>\n<p>El presente aviso de privacidad puede sufrir modificaciones, cambios o actualizaciones derivadas de nuevos requerimientos legales; de nuestras propias necesidades por los servicios que ofrecemos; de nuestras pr\u00e1cticas de privacidad; de cambios en nuestro modelo de negocio, o por otras causas.<\/p>\n<p>\u00a0<\/p>\n<p>Nos comprometemos a mantenerlo informado sobre los cambios que pueda sufrir el presente aviso de privacidad a trav\u00e9s de correo electr\u00f3nico.<\/p>\n<p>\u00a0<\/p>\n<p>El procedimiento a trav\u00e9s del cual se llevar\u00e1n a cabo las notificaciones sobre cambios o actualizaciones al presente aviso de privacidad es el siguiente:\u00a0<strong>Notificaci\u00f3n v\u00eda correo electr\u00f3nico<\/strong>.<\/p>\n<!-- \/wp:paragraph -->\t\t\t\t\t\t<\/div>\n\t\t\t\t<\/div>\n\t\t\t\t\t<\/div>\n\t\t<\/div>\n\t\t\t\t\t<\/div>\n\t\t<\/section>\n\t\t\t\t<\/div>\n\t\t","protected":false},"excerpt":{"rendered":"<p>Aviso de Privacidad \u00a0 Baez &amp; Sanz Consultores Patrimoniales,\u00a0S.C., con domicilio en Av. Javier Barros Sierra No. 540 piso 1 Oficina 101, Col. Santa Fe, Alcald\u00eda \u00c1lvaro Obreg\u00f3n, Ciudad de M\u00e9xico, C.P. 01210, es el responsable del uso y protecci\u00f3n de sus datos personales, y al respecto le informamos lo siguiente: \u00a0 \u00bfPara qu\u00e9 fines [&hellip;]<\/p>\n","protected":false},"author":1,"featured_media":0,"parent":0,"menu_order":0,"comment_status":"closed","ping_status":"closed","template":"","meta":{"footnotes":""},"class_list":["post-3","page","type-page","status-publish","hentry"],"_links":{"self":[{"href":"https:\/\/www.luciernaga.com.mx\/bs-consultores\/wp-json\/wp\/v2\/pages\/3","targetHints":{"allow":["GET"]}}],"collection":[{"href":"https:\/\/www.luciernaga.com.mx\/bs-consultores\/wp-json\/wp\/v2\/pages"}],"about":[{"href":"https:\/\/www.luciernaga.com.mx\/bs-consultores\/wp-json\/wp\/v2\/types\/page"}],"author":[{"embeddable":true,"href":"https:\/\/www.luciernaga.com.mx\/bs-consultores\/wp-json\/wp\/v2\/users\/1"}],"replies":[{"embeddable":true,"href":"https:\/\/www.luciernaga.com.mx\/bs-consultores\/wp-json\/wp\/v2\/comments?post=3"}],"version-history":[{"count":6,"href":"https:\/\/www.luciernaga.com.mx\/bs-consultores\/wp-json\/wp\/v2\/pages\/3\/revisions"}],"predecessor-version":[{"id":5765,"href":"https:\/\/www.luciernaga.com.mx\/bs-consultores\/wp-json\/wp\/v2\/pages\/3\/revisions\/5765"}],"wp:attachment":[{"href":"https:\/\/www.luciernaga.com.mx\/bs-consultores\/wp-json\/wp\/v2\/media?parent=3"}],"curies":[{"name":"wp","href":"https:\/\/api.w.org\/{rel}","templated":true}]}}