{"id":3124,"date":"2018-07-05T01:04:27","date_gmt":"2018-07-05T01:04:27","guid":{"rendered":"https:\/\/themesgavias.com\/wp\/vizeon\/?page_id=3124"},"modified":"2022-08-25T01:26:09","modified_gmt":"2022-08-25T01:26:09","slug":"nuestros-servicios","status":"publish","type":"page","link":"https:\/\/www.luciernaga.com.mx\/bs-consultores\/nuestros-servicios\/","title":{"rendered":"Nuestros servicios"},"content":{"rendered":"\t\t<div data-elementor-type=\"wp-post\" data-elementor-id=\"3124\" class=\"elementor elementor-3124\">\n\t\t\t\t\t\t<section class=\"elementor-section elementor-top-section elementor-element elementor-element-1c672db elementor-section-boxed elementor-section-height-default elementor-section-height-default\" data-id=\"1c672db\" data-element_type=\"section\">\n\t\t\t\t\t\t<div class=\"elementor-container elementor-column-gap-default\">\n\t\t\t\t\t<div class=\"elementor-column elementor-col-100 elementor-top-column elementor-element elementor-element-0165fe9\" data-id=\"0165fe9\" data-element_type=\"column\">\n\t\t\t<div class=\"elementor-widget-wrap elementor-element-populated\">\n\t\t\t\t\t\t<div class=\"elementor-element elementor-element-3148cca elementor-widget elementor-widget-gva-services\" data-id=\"3148cca\" data-element_type=\"widget\" data-widget_type=\"gva-services.default\">\n\t\t\t\t<div class=\"elementor-widget-container\">\n\t\t\t<div class=\"gva-element-gva-services gva-element\">  \r\n  <div class=\"gva-services-grid clearfix gva-services\">\r\n      <div class=\"gva-content-items\"> \r\n        <div class=\"lg-block-grid-3 md-block-grid-3 sm-block-grid-2 xs-block-grid-1\">\r\n          <div class=\"item-columns\"><div class=\"item\">\r\n   <div class=\"service-block service-item-v1\">      \r\n      <div class=\"service-images lightGallery\">\r\n               <\/div>   \r\n      <div class=\"service-content\">\r\n         <div class=\"content-inner\">\r\n            <h3 class=\"title\">\r\n               <a href=\"https:\/\/www.luciernaga.com.mx\/bs-consultores\/service\/contabilidad-y-fiscal-2\/\">Contabilidad &#038; Fiscal<\/a>\r\n            <\/h3>\r\n            <div class=\"desc\">dwerwerwerw<\/div> \r\n            <div class=\"readmore\">\r\n               <a href=\"https:\/\/www.luciernaga.com.mx\/bs-consultores\/service\/contabilidad-y-fiscal-2\/\">Me interesa<\/a>\r\n            <\/div>\r\n         <\/div>    \r\n      <\/div>\r\n   <\/div>\r\n<\/div><\/div><div class=\"item-columns\"><div class=\"item\">\r\n   <div class=\"service-block service-item-v1\">      \r\n      <div class=\"service-images lightGallery\">\r\n                           <div class=\"image-item\">\r\n                     <a href=\"https:\/\/www.luciernaga.com.mx\/bs-consultores\/wp-content\/uploads\/2023\/01\/werwerr.jpg\" class=\"zoomGallery\" data-rel=\"lightGallery\">\r\n                        <span class=\"icon-expand\"><i class=\"fa fa-expand\"><\/i><\/span>\r\n                        <img decoding=\"async\" src=\"https:\/\/www.luciernaga.com.mx\/bs-consultores\/wp-content\/uploads\/2023\/01\/werwerr-180x180.jpg\"  class=\"hidden\" alt=\"Contabilidad &#038;  fiscal\" \/>\r\n                     <\/a>\r\n                     <img fetchpriority=\"high\" decoding=\"async\" width=\"1200\" height=\"628\" src=\"https:\/\/www.luciernaga.com.mx\/bs-consultores\/wp-content\/uploads\/2023\/01\/werwerr.jpg\" class=\"attachment-full size-full\" alt=\"\" \/>                  <\/div>\r\n                     <\/div>   \r\n      <div class=\"service-content\">\r\n         <div class=\"content-inner\">\r\n            <h3 class=\"title\">\r\n               <a href=\"https:\/\/www.luciernaga.com.mx\/bs-consultores\/service\/contabilidad-y-fiscal\/\">Contabilidad &#038;  fiscal<\/a>\r\n            <\/h3>\r\n            <div class=\"desc\">En\u00a0Baez &amp; Sanz\u00a0Consultores Patrimoniales,\u00a0generamos a trav\u00e9s de nuestra experiencia asesor\u00eda fiscal, legal, financiera, auditorias, contabilidad y corporativa. Nuestros servicios Contabilidad<\/div> \r\n            <div class=\"readmore\">\r\n               <a href=\"https:\/\/www.luciernaga.com.mx\/bs-consultores\/service\/contabilidad-y-fiscal\/\">Me interesa<\/a>\r\n            <\/div>\r\n         <\/div>    \r\n      <\/div>\r\n   <\/div>\r\n<\/div><\/div><div class=\"item-columns\"><div class=\"item\">\r\n   <div class=\"service-block service-item-v1\">      \r\n      <div class=\"service-images lightGallery\">\r\n                           <div class=\"image-item\">\r\n                     <a href=\"https:\/\/www.luciernaga.com.mx\/bs-consultores\/wp-content\/uploads\/2022\/12\/WERWEREWorking-2021-08-29-16-42-05-utc.jpg\" class=\"zoomGallery\" data-rel=\"lightGallery\">\r\n                        <span class=\"icon-expand\"><i class=\"fa fa-expand\"><\/i><\/span>\r\n                        <img decoding=\"async\" src=\"https:\/\/www.luciernaga.com.mx\/bs-consultores\/wp-content\/uploads\/2022\/12\/WERWEREWorking-2021-08-29-16-42-05-utc-180x180.jpg\"  class=\"hidden\" alt=\"Infraestructura &#038; Soporte\" \/>\r\n                     <\/a>\r\n                     <img decoding=\"async\" width=\"1132\" height=\"756\" src=\"https:\/\/www.luciernaga.com.mx\/bs-consultores\/wp-content\/uploads\/2022\/12\/WERWEREWorking-2021-08-29-16-42-05-utc.jpg\" class=\"attachment-full size-full\" alt=\"\" \/>                  <\/div>\r\n                     <\/div>   \r\n      <div class=\"service-content\">\r\n         <div class=\"content-inner\">\r\n            <h3 class=\"title\">\r\n               <a href=\"https:\/\/www.luciernaga.com.mx\/bs-consultores\/service\/infraestructura-y-soporte-tecnico\/\">Infraestructura &#038; Soporte<\/a>\r\n            <\/h3>\r\n            <div class=\"desc\">Desarrollamos e impulsamos tu marca desde el trabajo de un solo empleado hasta las operaciones y los bienes de servicios.<\/div> \r\n            <div class=\"readmore\">\r\n               <a href=\"https:\/\/www.luciernaga.com.mx\/bs-consultores\/service\/infraestructura-y-soporte-tecnico\/\">Me interesa<\/a>\r\n            <\/div>\r\n         <\/div>    \r\n      <\/div>\r\n   <\/div>\r\n<\/div><\/div><div class=\"item-columns\"><div class=\"item\">\r\n   <div class=\"service-block service-item-v1\">      \r\n      <div class=\"service-images lightGallery\">\r\n                           <div class=\"image-item\">\r\n                     <a href=\"https:\/\/www.luciernaga.com.mx\/bs-consultores\/wp-content\/uploads\/2015\/12\/slider-8.jpg\" class=\"zoomGallery\" data-rel=\"lightGallery\">\r\n                        <span class=\"icon-expand\"><i class=\"fa fa-expand\"><\/i><\/span>\r\n                        <img decoding=\"async\" src=\"https:\/\/www.luciernaga.com.mx\/bs-consultores\/wp-content\/uploads\/2015\/12\/slider-8-180x180.jpg\"  class=\"hidden\" alt=\"Capital Humano\" \/>\r\n                     <\/a>\r\n                     <img decoding=\"async\" width=\"1170\" height=\"550\" src=\"https:\/\/www.luciernaga.com.mx\/bs-consultores\/wp-content\/uploads\/2015\/12\/slider-8.jpg\" class=\"attachment-full size-full\" alt=\"\" \/>                  <\/div>\r\n                     <\/div>   \r\n      <div class=\"service-content\">\r\n         <div class=\"content-inner\">\r\n            <h3 class=\"title\">\r\n               <a href=\"https:\/\/www.luciernaga.com.mx\/bs-consultores\/service\/capital-humano\/\">Capital Humano<\/a>\r\n            <\/h3>\r\n            <div class=\"desc\">Y en temas de Capital Humano, generamos estrategias para propiciar y potencializar el desarrollo del talento humano, todo ello a<\/div> \r\n            <div class=\"readmore\">\r\n               <a href=\"https:\/\/www.luciernaga.com.mx\/bs-consultores\/service\/capital-humano\/\">Me interesa<\/a>\r\n            <\/div>\r\n         <\/div>    \r\n      <\/div>\r\n   <\/div>\r\n<\/div><\/div><div class=\"item-columns\"><div class=\"item\">\r\n   <div class=\"service-block service-item-v1\">      \r\n      <div class=\"service-images lightGallery\">\r\n                           <div class=\"image-item\">\r\n                     <a href=\"https:\/\/www.luciernaga.com.mx\/bs-consultores\/wp-content\/uploads\/2022\/09\/Aprende-todo-sobre-la-Contabilidad-Financiera-en-10-minutos-1.jpg\" class=\"zoomGallery\" data-rel=\"lightGallery\">\r\n                        <span class=\"icon-expand\"><i class=\"fa fa-expand\"><\/i><\/span>\r\n                        <img decoding=\"async\" src=\"https:\/\/www.luciernaga.com.mx\/bs-consultores\/wp-content\/uploads\/2022\/09\/Aprende-todo-sobre-la-Contabilidad-Financiera-en-10-minutos-1-180x180.jpg\"  class=\"hidden\" alt=\"Tesorer\u00eda\" \/>\r\n                     <\/a>\r\n                     <img loading=\"lazy\" decoding=\"async\" width=\"1200\" height=\"628\" src=\"https:\/\/www.luciernaga.com.mx\/bs-consultores\/wp-content\/uploads\/2022\/09\/Aprende-todo-sobre-la-Contabilidad-Financiera-en-10-minutos-1.jpg\" class=\"attachment-full size-full\" alt=\"\" \/>                  <\/div>\r\n                     <\/div>   \r\n      <div class=\"service-content\">\r\n         <div class=\"content-inner\">\r\n            <h3 class=\"title\">\r\n               <a href=\"https:\/\/www.luciernaga.com.mx\/bs-consultores\/service\/tesoreria\/\">Tesorer\u00eda<\/a>\r\n            <\/h3>\r\n            <div class=\"desc\">Administraci\u00f3n de Tesorer\u00eda \u00a0 Gesti\u00f3n de efectivo Transaccionalidad Inter compa\u00f1\u00edas Realizamos un an\u00e1lisis y asignaci\u00f3n un ejecutivo especializado en valores<\/div> \r\n            <div class=\"readmore\">\r\n               <a href=\"https:\/\/www.luciernaga.com.mx\/bs-consultores\/service\/tesoreria\/\">Me interesa<\/a>\r\n            <\/div>\r\n         <\/div>    \r\n      <\/div>\r\n   <\/div>\r\n<\/div><\/div><div class=\"item-columns\"><div class=\"item\">\r\n   <div class=\"service-block service-item-v1\">      \r\n      <div class=\"service-images lightGallery\">\r\n                           <div class=\"image-item\">\r\n                     <a href=\"https:\/\/www.luciernaga.com.mx\/bs-consultores\/wp-content\/uploads\/2023\/01\/werwerr.jpg\" class=\"zoomGallery\" data-rel=\"lightGallery\">\r\n                        <span class=\"icon-expand\"><i class=\"fa fa-expand\"><\/i><\/span>\r\n                        <img decoding=\"async\" src=\"https:\/\/www.luciernaga.com.mx\/bs-consultores\/wp-content\/uploads\/2023\/01\/werwerr-180x180.jpg\"  class=\"hidden\" alt=\"Contabilidad &#038; Fiscal\" \/>\r\n                     <\/a>\r\n                     <img fetchpriority=\"high\" decoding=\"async\" width=\"1200\" height=\"628\" src=\"https:\/\/www.luciernaga.com.mx\/bs-consultores\/wp-content\/uploads\/2023\/01\/werwerr.jpg\" class=\"attachment-full size-full\" alt=\"\" \/>                  <\/div>\r\n                     <\/div>   \r\n      <div class=\"service-content\">\r\n         <div class=\"content-inner\">\r\n            <h3 class=\"title\">\r\n               <a href=\"https:\/\/www.luciernaga.com.mx\/bs-consultores\/service\/contabilidad\/\">Contabilidad &#038; Fiscal<\/a>\r\n            <\/h3>\r\n            <div class=\"desc\">En\u00a0Baez &amp; Sanz\u00a0Consultores Patrimoniales,\u00a0generamos a trav\u00e9s de nuestra experiencia asesor\u00eda fiscal, legal, financiera, auditorias, contabilidad y corporativa. Nuestros servicios Contabilidad<\/div> \r\n            <div class=\"readmore\">\r\n               <a href=\"https:\/\/www.luciernaga.com.mx\/bs-consultores\/service\/contabilidad\/\">Me interesa<\/a>\r\n            <\/div>\r\n         <\/div>    \r\n      <\/div>\r\n   <\/div>\r\n<\/div><\/div><div class=\"item-columns\"><div class=\"item\">\r\n   <div class=\"service-block service-item-v1\">      \r\n      <div class=\"service-images lightGallery\">\r\n                           <div class=\"image-item\">\r\n                     <a href=\"https:\/\/www.luciernaga.com.mx\/bs-consultores\/wp-content\/uploads\/2022\/08\/service-23.jpg\" class=\"zoomGallery\" data-rel=\"lightGallery\">\r\n                        <span class=\"icon-expand\"><i class=\"fa fa-expand\"><\/i><\/span>\r\n                        <img decoding=\"async\" src=\"https:\/\/www.luciernaga.com.mx\/bs-consultores\/wp-content\/uploads\/2022\/08\/service-23-180x180.jpg\"  class=\"hidden\" alt=\"Inteligencia de Negocios\" \/>\r\n                     <\/a>\r\n                     <img loading=\"lazy\" decoding=\"async\" width=\"900\" height=\"600\" src=\"https:\/\/www.luciernaga.com.mx\/bs-consultores\/wp-content\/uploads\/2022\/08\/service-23.jpg\" class=\"attachment-full size-full\" alt=\"\" \/>                  <\/div>\r\n                     <\/div>   \r\n      <div class=\"service-content\">\r\n         <div class=\"content-inner\">\r\n            <h3 class=\"title\">\r\n               <a href=\"https:\/\/www.luciernaga.com.mx\/bs-consultores\/service\/inteligencia-de-negocios\/\">Inteligencia de Negocios<\/a>\r\n            <\/h3>\r\n            <div class=\"desc\">Te ayudamos a transformar tus datos en informaci\u00f3n inteligente para tu negocio, y tu empresa mediante cabinas de informaci\u00f3n inteligente<\/div> \r\n            <div class=\"readmore\">\r\n               <a href=\"https:\/\/www.luciernaga.com.mx\/bs-consultores\/service\/inteligencia-de-negocios\/\">Me interesa<\/a>\r\n            <\/div>\r\n         <\/div>    \r\n      <\/div>\r\n   <\/div>\r\n<\/div><\/div><div class=\"item-columns\"><div class=\"item\">\r\n   <div class=\"service-block service-item-v1\">      \r\n      <div class=\"service-images lightGallery\">\r\n                           <div class=\"image-item\">\r\n                     <a href=\"https:\/\/www.luciernaga.com.mx\/bs-consultores\/wp-content\/uploads\/2015\/12\/service-1.jpg\" class=\"zoomGallery\" data-rel=\"lightGallery\">\r\n                        <span class=\"icon-expand\"><i class=\"fa fa-expand\"><\/i><\/span>\r\n                        <img decoding=\"async\" src=\"https:\/\/www.luciernaga.com.mx\/bs-consultores\/wp-content\/uploads\/2015\/12\/service-1-180x180.jpg\"  class=\"hidden\" alt=\"Precios de Transferencia\" \/>\r\n                     <\/a>\r\n                     <img loading=\"lazy\" decoding=\"async\" width=\"900\" height=\"600\" src=\"https:\/\/www.luciernaga.com.mx\/bs-consultores\/wp-content\/uploads\/2015\/12\/service-1.jpg\" class=\"attachment-full size-full\" alt=\"\" \/>                  <\/div>\r\n                     <\/div>   \r\n      <div class=\"service-content\">\r\n         <div class=\"content-inner\">\r\n            <h3 class=\"title\">\r\n               <a href=\"https:\/\/www.luciernaga.com.mx\/bs-consultores\/service\/precios-de-transferencia\/\">Precios de Transferencia<\/a>\r\n            <\/h3>\r\n            <div class=\"desc\">Precios de Transferencia Contamos con prestaci\u00f3n de servicios, como intercambio de bienes tangibles e intangibles y entre las compa\u00f1\u00edas pertenecientes<\/div> \r\n            <div class=\"readmore\">\r\n               <a href=\"https:\/\/www.luciernaga.com.mx\/bs-consultores\/service\/precios-de-transferencia\/\">Me interesa<\/a>\r\n            <\/div>\r\n         <\/div>    \r\n      <\/div>\r\n   <\/div>\r\n<\/div><\/div><div class=\"item-columns\"><div class=\"item\">\r\n   <div class=\"service-block service-item-v1\">      \r\n      <div class=\"service-images lightGallery\">\r\n                           <div class=\"image-item\">\r\n                     <a href=\"https:\/\/www.luciernaga.com.mx\/bs-consultores\/wp-content\/uploads\/2015\/12\/service-6.jpg\" class=\"zoomGallery\" data-rel=\"lightGallery\">\r\n                        <span class=\"icon-expand\"><i class=\"fa fa-expand\"><\/i><\/span>\r\n                        <img decoding=\"async\" src=\"https:\/\/www.luciernaga.com.mx\/bs-consultores\/wp-content\/uploads\/2015\/12\/service-6-180x180.jpg\"  class=\"hidden\" alt=\"Asesor\u00eda legal\" \/>\r\n                     <\/a>\r\n                     <img loading=\"lazy\" decoding=\"async\" width=\"900\" height=\"600\" src=\"https:\/\/www.luciernaga.com.mx\/bs-consultores\/wp-content\/uploads\/2015\/12\/service-6.jpg\" class=\"attachment-full size-full\" alt=\"\" \/>                  <\/div>\r\n                     <\/div>   \r\n      <div class=\"service-content\">\r\n         <div class=\"content-inner\">\r\n            <h3 class=\"title\">\r\n               <a href=\"https:\/\/www.luciernaga.com.mx\/bs-consultores\/service\/asesoria-legal\/\">Asesor\u00eda legal<\/a>\r\n            <\/h3>\r\n            <div class=\"desc\">Jur\u00eddico Con el objetivo de proporcionar seguridad jur\u00eddica a los contribuyentes en todas las operaciones que \u00e9stos realicen, a trav\u00e9s<\/div> \r\n            <div class=\"readmore\">\r\n               <a href=\"https:\/\/www.luciernaga.com.mx\/bs-consultores\/service\/asesoria-legal\/\">Me interesa<\/a>\r\n            <\/div>\r\n         <\/div>    \r\n      <\/div>\r\n   <\/div>\r\n<\/div><\/div>        <\/div>\r\n      <\/div>\r\n                <div class=\"pagination\">\r\n              <div class=\"column one pager_wrapper\"><div class=\"pager\"><div class=\"paginations\"><a href=\"https:\/\/www.luciernaga.com.mx\/bs-consultores\/wp-json\/wp\/v2\/pages\/3124\/\" class=\"page-item active\">1<\/a><a href=\"https:\/\/www.luciernaga.com.mx\/bs-consultores\/wp-json\/wp\/v2\/pages\/3124\/page\/2\/\" class=\"page-item\">2<\/a><a class=\"next_page\" href=\"https:\/\/www.luciernaga.com.mx\/bs-consultores\/wp-json\/wp\/v2\/pages\/3124\/page\/2\/\"><i class=\"gv-icon-165\"><\/i><\/a><\/div><\/div><\/div>\n          <\/div>\r\n        <\/div>\r\n  <\/div>\t\t<\/div>\n\t\t\t\t<\/div>\n\t\t\t\t\t<\/div>\n\t\t<\/div>\n\t\t\t\t\t<\/div>\n\t\t<\/section>\n\t\t\t\t<section class=\"elementor-section elementor-top-section elementor-element elementor-element-de8d478 elementor-section-boxed elementor-section-height-default elementor-section-height-default\" data-id=\"de8d478\" data-element_type=\"section\" data-settings=\"{&quot;background_background&quot;:&quot;classic&quot;}\">\n\t\t\t\t\t\t<div class=\"elementor-container elementor-column-gap-default\">\n\t\t\t\t\t<div class=\"elementor-column elementor-col-100 elementor-top-column elementor-element elementor-element-e35fbcc\" data-id=\"e35fbcc\" data-element_type=\"column\">\n\t\t\t<div class=\"elementor-widget-wrap elementor-element-populated\">\n\t\t\t\t\t\t<div class=\"elementor-element elementor-element-dc8661c elementor-widget elementor-widget-gva-heading-block\" data-id=\"dc8661c\" data-element_type=\"widget\" data-widget_type=\"gva-heading-block.default\">\n\t\t\t\t<div class=\"elementor-widget-container\">\n\t\t\t<div class=\"gva-element-gva-heading-block gva-element\">   <div class=\"align-center style-1 widget gsc-heading\">\r\n      <div class=\"content-inner\">\r\n         \r\n                     <div class=\"heading-icon\"><img decoding=\"async\" src=\"https:\/\/www.luciernaga.com.mx\/bs-consultores\/wp-content\/plugins\/vizeon-themer\/elementor\/assets\/images\/icon-heading.png\" alt=\"Para una mejor ayuda y negocios. &lt;a href=&quot;#&quot;&gt;Empecemos&lt;\/a&gt;\"\/><\/div>\r\n                  \r\n                     <div class=\"sub-title\"><span>Somos Consultores Profesionales y Expertos<\/span><\/div>\r\n           \r\n         \r\n                     <h2 class=\"title\">\r\n               <span>Para una mejor ayuda y negocios. <a href=\"#\">Empecemos<\/a><\/span>\r\n            <\/h2>\r\n                  \r\n                     <div class=\"heading-action\">\r\n                       <a href=\"#\" class=\"btn-theme btn-cta\">\r\n          Me interesa        <\/a>\r\n\r\n                    <\/div>\r\n         \r\n      <\/div>\r\n   <\/div>\r\n   <div class=\"clearfix\"><\/div>\r\n<\/div>\t\t<\/div>\n\t\t\t\t<\/div>\n\t\t\t\t\t<\/div>\n\t\t<\/div>\n\t\t\t\t\t<\/div>\n\t\t<\/section>\n\t\t\t\t<\/div>\n\t\t","protected":false},"excerpt":{"rendered":"<p>Inteligencia de Negocios Prestaci\u00f3n de servicios entre las compa\u00f1\u00edas Me interesa Precios de Transferencia Prestaci\u00f3n de servicios entre las compa\u00f1\u00edas Me interesa Asesor\u00eda legal Asesor\u00eda jur\u00eddica integral Me interesa Consultor\u00eda Fiscal Uno de los pilares m\u00e1s importantes a evaluar Me interesa Cabinas Inteligentes Auditorias Financieras, Fiscales, IMSS, Erogaciones en Edo y CDMX Me interesa Auditor\u00eda [&hellip;]<\/p>\n","protected":false},"author":1,"featured_media":0,"parent":0,"menu_order":0,"comment_status":"closed","ping_status":"closed","template":"","meta":{"footnotes":""},"class_list":["post-3124","page","type-page","status-publish","hentry"],"_links":{"self":[{"href":"https:\/\/www.luciernaga.com.mx\/bs-consultores\/wp-json\/wp\/v2\/pages\/3124","targetHints":{"allow":["GET"]}}],"collection":[{"href":"https:\/\/www.luciernaga.com.mx\/bs-consultores\/wp-json\/wp\/v2\/pages"}],"about":[{"href":"https:\/\/www.luciernaga.com.mx\/bs-consultores\/wp-json\/wp\/v2\/types\/page"}],"author":[{"embeddable":true,"href":"https:\/\/www.luciernaga.com.mx\/bs-consultores\/wp-json\/wp\/v2\/users\/1"}],"replies":[{"embeddable":true,"href":"https:\/\/www.luciernaga.com.mx\/bs-consultores\/wp-json\/wp\/v2\/comments?post=3124"}],"version-history":[{"count":11,"href":"https:\/\/www.luciernaga.com.mx\/bs-consultores\/wp-json\/wp\/v2\/pages\/3124\/revisions"}],"predecessor-version":[{"id":5841,"href":"https:\/\/www.luciernaga.com.mx\/bs-consultores\/wp-json\/wp\/v2\/pages\/3124\/revisions\/5841"}],"wp:attachment":[{"href":"https:\/\/www.luciernaga.com.mx\/bs-consultores\/wp-json\/wp\/v2\/media?parent=3124"}],"curies":[{"name":"wp","href":"https:\/\/api.w.org\/{rel}","templated":true}]}}