{"id":5766,"date":"2022-08-25T00:00:08","date_gmt":"2022-08-25T00:00:08","guid":{"rendered":"https:\/\/www.luciernaga.com.mx\/bs-consultores\/?page_id=5766"},"modified":"2022-08-25T00:08:58","modified_gmt":"2022-08-25T00:08:58","slug":"aviso-de-privacidad","status":"publish","type":"page","link":"https:\/\/www.luciernaga.com.mx\/bs-consultores\/aviso-de-privacidad\/","title":{"rendered":"Copyright"},"content":{"rendered":"\t\t<div data-elementor-type=\"wp-page\" data-elementor-id=\"5766\" class=\"elementor elementor-5766\">\n\t\t\t\t\t\t<section class=\"elementor-section elementor-top-section elementor-element elementor-element-6de8a1b3 elementor-section-boxed elementor-section-height-default elementor-section-height-default\" data-id=\"6de8a1b3\" data-element_type=\"section\">\n\t\t\t\t\t\t<div class=\"elementor-container elementor-column-gap-default\">\n\t\t\t\t\t<div class=\"elementor-column elementor-col-100 elementor-top-column elementor-element elementor-element-4b3768f9\" data-id=\"4b3768f9\" data-element_type=\"column\">\n\t\t\t<div class=\"elementor-widget-wrap elementor-element-populated\">\n\t\t\t\t\t\t<div class=\"elementor-element elementor-element-6fa37eb0 elementor-widget elementor-widget-text-editor\" data-id=\"6fa37eb0\" data-element_type=\"widget\" data-widget_type=\"text-editor.default\">\n\t\t\t\t<div class=\"elementor-widget-container\">\n\t\t\t\t\t\t\t<p><!-- wp:heading --><\/p>\n<p style=\"box-sizing: inherit; margin-bottom: 15px; color: #777777; font-family: 'Futura Bk BT', sans-serif; font-size: 15px;\"><span style=\"box-sizing: inherit; font-weight: bolder; font-family: 'Futura Md BT', sans-serif;\">Copyright \u00a9 Todos los derechos reservados.<\/span><\/p>\n<p style=\"box-sizing: inherit; margin-bottom: 15px; color: #777777; font-family: 'Futura Bk BT', sans-serif; font-size: 15px;\">\u00a0<\/p>\n<p style=\"box-sizing: inherit; margin-bottom: 15px; color: #777777; font-family: 'Futura Bk BT', sans-serif; font-size: 15px;\">Todo el contenido de este Sitio Web, que de manera enunciativa m\u00e1s no limitativa corresponde a fotograf\u00edas, texto, dise\u00f1os, logotipos, nombres comerciales, audio y\/o video est\u00e1n sujetos a derechos de autor y propiedad intelectual, de conformidad con las Leyes vigentes en los Estados Unidos Mexicanos, as\u00ed como de los Tratados Internacionales en los que M\u00e9xico es parte y dem\u00e1s normativa aplicable.<\/p>\n<p style=\"box-sizing: inherit; margin-bottom: 15px; color: #777777; font-family: 'Futura Bk BT', sans-serif; font-size: 15px;\">\u00a0<\/p>\n<p style=\"box-sizing: inherit; margin-bottom: 15px; color: #777777; font-family: 'Futura Bk BT', sans-serif; font-size: 15px;\">Toda transmisi\u00f3n, cesi\u00f3n total o parcial de los derechos de autor o de propiedad intelectual del contenido que se encuentran en este Sitio Web, as\u00ed como cualquier alteraci\u00f3n, explotaci\u00f3n, reproducci\u00f3n, distribuci\u00f3n o comunicaci\u00f3n al mismo, sin la autorizaci\u00f3n expresa y por escrito de su titular, estar\u00e1 sujeto a las penalidades que la normatividad aplicable se\u00f1ala.<\/p>\n<p style=\"box-sizing: inherit; margin-bottom: 15px; color: #777777; font-family: 'Futura Bk BT', sans-serif; font-size: 15px;\">\u00a0<\/p>\n<p style=\"box-sizing: inherit; margin-bottom: 15px; color: #777777; font-family: 'Futura Bk BT', sans-serif; font-size: 15px;\">La difusi\u00f3n de im\u00e1genes, fragmentos de audios y\/o videos que se encuentran disponibles para \u201ccompartir\u201d en redes sociales, es objeto de protecci\u00f3n de derechos de autor, por lo que su uso es exclusivamente para fines informativos para asesorar a empresas, gobiernos e instituciones p\u00fablicas y privadas.<\/p>\n<p style=\"box-sizing: inherit; margin-bottom: 15px; color: #777777; font-family: 'Futura Bk BT', sans-serif; font-size: 15px;\">\u00a0<\/p>\n<p style=\"box-sizing: inherit; margin-bottom: 15px; color: #777777; font-family: 'Futura Bk BT', sans-serif; font-size: 15px;\">Queda prohibido copiar, reproducir, distribuir, publicar, transmitir, difundir, o en cualquier forma explotar comercialmente parte o la totalidad del contenido que se encuentra disponible en este Sitio Web sin previa autorizaci\u00f3n por escrito de su titular de los derechos de autor y propiedad intelectual. El contenido es \u00fanicamente para fines informativos y no comercial por parte de terceros.<\/p>\n<div>\u00a0<\/div>\n<p><!-- \/wp:paragraph --><\/p>\t\t\t\t\t\t<\/div>\n\t\t\t\t<\/div>\n\t\t\t\t\t<\/div>\n\t\t<\/div>\n\t\t\t\t\t<\/div>\n\t\t<\/section>\n\t\t\t\t<\/div>\n\t\t","protected":false},"excerpt":{"rendered":"<p>Copyright \u00a9 Todos los derechos reservados. \u00a0 Todo el contenido de este Sitio Web, que de manera enunciativa m\u00e1s no limitativa corresponde a fotograf\u00edas, texto, dise\u00f1os, logotipos, nombres comerciales, audio y\/o video est\u00e1n sujetos a derechos de autor y propiedad intelectual, de conformidad con las Leyes vigentes en los Estados Unidos Mexicanos, as\u00ed como de [&hellip;]<\/p>\n","protected":false},"author":1,"featured_media":0,"parent":0,"menu_order":0,"comment_status":"closed","ping_status":"closed","template":"","meta":{"footnotes":""},"class_list":["post-5766","page","type-page","status-publish","hentry"],"_links":{"self":[{"href":"https:\/\/www.luciernaga.com.mx\/bs-consultores\/wp-json\/wp\/v2\/pages\/5766","targetHints":{"allow":["GET"]}}],"collection":[{"href":"https:\/\/www.luciernaga.com.mx\/bs-consultores\/wp-json\/wp\/v2\/pages"}],"about":[{"href":"https:\/\/www.luciernaga.com.mx\/bs-consultores\/wp-json\/wp\/v2\/types\/page"}],"author":[{"embeddable":true,"href":"https:\/\/www.luciernaga.com.mx\/bs-consultores\/wp-json\/wp\/v2\/users\/1"}],"replies":[{"embeddable":true,"href":"https:\/\/www.luciernaga.com.mx\/bs-consultores\/wp-json\/wp\/v2\/comments?post=5766"}],"version-history":[{"count":6,"href":"https:\/\/www.luciernaga.com.mx\/bs-consultores\/wp-json\/wp\/v2\/pages\/5766\/revisions"}],"predecessor-version":[{"id":5772,"href":"https:\/\/www.luciernaga.com.mx\/bs-consultores\/wp-json\/wp\/v2\/pages\/5766\/revisions\/5772"}],"wp:attachment":[{"href":"https:\/\/www.luciernaga.com.mx\/bs-consultores\/wp-json\/wp\/v2\/media?parent=5766"}],"curies":[{"name":"wp","href":"https:\/\/api.w.org\/{rel}","templated":true}]}}