{"id":610,"date":"2016-03-07T03:10:46","date_gmt":"2016-03-07T03:10:46","guid":{"rendered":"https:\/\/themesgavias.com\/wp\/vizeon\/?page_id=610"},"modified":"2023-01-10T18:19:23","modified_gmt":"2023-01-10T18:19:23","slug":"contacto","status":"publish","type":"page","link":"https:\/\/www.luciernaga.com.mx\/bs-consultores\/contacto\/","title":{"rendered":"Contacto"},"content":{"rendered":"\t\t<div data-elementor-type=\"wp-post\" data-elementor-id=\"610\" class=\"elementor elementor-610\">\n\t\t\t\t\t\t<section class=\"elementor-section elementor-top-section elementor-element elementor-element-d7ffb7c elementor-section-boxed elementor-section-height-default elementor-section-height-default\" data-id=\"d7ffb7c\" data-element_type=\"section\">\n\t\t\t\t\t\t<div class=\"elementor-container elementor-column-gap-default\">\n\t\t\t\t\t<div class=\"elementor-column elementor-col-50 elementor-top-column elementor-element elementor-element-4fef044\" data-id=\"4fef044\" data-element_type=\"column\">\n\t\t\t<div class=\"elementor-widget-wrap elementor-element-populated\">\n\t\t\t\t\t\t<div class=\"elementor-element elementor-element-3821df2 elementor-widget elementor-widget-gva-heading-block\" data-id=\"3821df2\" data-element_type=\"widget\" data-widget_type=\"gva-heading-block.default\">\n\t\t\t\t<div class=\"elementor-widget-container\">\n\t\t\t<div class=\"gva-element-gva-heading-block gva-element\">   <div class=\"align-left style-1 widget gsc-heading\">\r\n      <div class=\"content-inner\">\r\n         \r\n                     <div class=\"heading-icon\"><img decoding=\"async\" src=\"https:\/\/www.luciernaga.com.mx\/bs-consultores\/wp-content\/plugins\/vizeon-themer\/elementor\/assets\/images\/icon-heading.png\" alt=\"\u201cCONT\u00c1CTENOS PARA QUE PODAMOS AYUDARLE \u201d\"\/><\/div>\r\n                  \r\n                     <div class=\"sub-title\"><span>Comunicate<\/span><\/div>\r\n           \r\n         \r\n                     <h2 class=\"title\">\r\n               <span>\u201cCONT\u00c1CTENOS PARA QUE PODAMOS AYUDARLE \u201d<\/span>\r\n            <\/h2>\r\n                              <div class=\"title-desc\"><p>\u00bfLe gustar\u00eda hablar por tel\u00e9fono con uno de nuestros asesores? Simplemente env\u00ede sus datos y<br \/>Estaremos en contacto en breve. Tambi\u00e9n puede enviarnos un correo electr\u00f3nico si lo prefiere<\/p><\/div>\r\n         \r\n         \r\n      <\/div>\r\n   <\/div>\r\n   <div class=\"clearfix\"><\/div>\r\n<\/div>\t\t<\/div>\n\t\t\t\t<\/div>\n\t\t\t\t<div class=\"elementor-element elementor-element-2d7a35f elementor-widget elementor-widget-gva-socials\" data-id=\"2d7a35f\" data-element_type=\"widget\" data-widget_type=\"gva-socials.default\">\n\t\t\t\t<div class=\"elementor-widget-container\">\n\t\t\t<div class=\"gva-element-gva-socials gva-element\"><div class=\"gva-socials style-1 align-center\">\r\n   <ul class=\"social-links\">\r\n               <li class=\"social-item elementor-repeater-item-4cc19ab\">\r\n            <a href=\"#\" title=\"Facebook\"><i class=\"fa fa-facebook\"><\/i><\/a>\r\n         <\/li>\r\n               <li class=\"social-item elementor-repeater-item-42fecc5\">\r\n            <a href=\"#\" title=\"Twitter\"><i class=\"fa fa-twitter\"><\/i><\/a>\r\n         <\/li>\r\n               <li class=\"social-item elementor-repeater-item-9476c13\">\r\n            <a href=\"#\" title=\"Instagram\"><i class=\"fa fa-instagram\"><\/i><\/a>\r\n         <\/li>\r\n               <li class=\"social-item elementor-repeater-item-068595a\">\r\n            <a href=\"#\" title=\"pinterest\"><i class=\"fa fa-pinterest\"><\/i><\/a>\r\n         <\/li>\r\n         <\/ul>\r\n<\/div>\r\n<\/div>\t\t<\/div>\n\t\t\t\t<\/div>\n\t\t\t\t\t<\/div>\n\t\t<\/div>\n\t\t\t\t<div class=\"elementor-column elementor-col-50 elementor-top-column elementor-element elementor-element-7a39a2b\" data-id=\"7a39a2b\" data-element_type=\"column\">\n\t\t\t<div class=\"elementor-widget-wrap elementor-element-populated\">\n\t\t\t\t\t\t<div class=\"elementor-element elementor-element-e999300 elementor-widget elementor-widget-shortcode\" data-id=\"e999300\" data-element_type=\"widget\" data-widget_type=\"shortcode.default\">\n\t\t\t\t<div class=\"elementor-widget-container\">\n\t\t\t\t\t<div class=\"elementor-shortcode\">\n<div class=\"wpcf7 no-js\" id=\"wpcf7-f236-o1\" lang=\"en-US\" dir=\"ltr\">\n<div class=\"screen-reader-response\"><p role=\"status\" aria-live=\"polite\" aria-atomic=\"true\"><\/p> <ul><\/ul><\/div>\n<form action=\"\/bs-consultores\/wp-json\/wp\/v2\/pages\/610#wpcf7-f236-o1\" method=\"post\" class=\"wpcf7-form init\" aria-label=\"Contact form\" novalidate=\"novalidate\" data-status=\"init\">\n<div style=\"display: none;\">\n<input type=\"hidden\" name=\"_wpcf7\" value=\"236\" \/>\n<input type=\"hidden\" name=\"_wpcf7_version\" value=\"5.9.8\" \/>\n<input type=\"hidden\" name=\"_wpcf7_locale\" value=\"en_US\" \/>\n<input type=\"hidden\" name=\"_wpcf7_unit_tag\" value=\"wpcf7-f236-o1\" \/>\n<input type=\"hidden\" name=\"_wpcf7_container_post\" value=\"0\" \/>\n<input type=\"hidden\" name=\"_wpcf7_posted_data_hash\" value=\"\" \/>\n<\/div>\n<div class=\"row\">\n   <div class=\"col-sm-6 col-xs-12\"><span class=\"wpcf7-form-control-wrap\" data-name=\"your-name\"><input size=\"40\" maxlength=\"400\" class=\"wpcf7-form-control wpcf7-text wpcf7-validates-as-required\" aria-required=\"true\" aria-invalid=\"false\" placeholder=\"Su nombre *\" value=\"\" type=\"text\" name=\"your-name\" \/><\/span> <\/div>\n   <div class=\"col-sm-6 col-xs-12\"><span class=\"wpcf7-form-control-wrap\" data-name=\"your-email\"><input size=\"40\" maxlength=\"400\" class=\"wpcf7-form-control wpcf7-email wpcf7-validates-as-required wpcf7-text wpcf7-validates-as-email\" aria-required=\"true\" aria-invalid=\"false\" placeholder=\"Su Email *\" value=\"\" type=\"email\" name=\"your-email\" \/><\/span> <\/div>\n<\/div>\n<div class=\"row\">\n   <div class=\"col-sm-12 col-xs-12\"><span class=\"wpcf7-form-control-wrap\" data-name=\"your-subject\"><input size=\"40\" maxlength=\"400\" class=\"wpcf7-form-control wpcf7-text\" aria-invalid=\"false\" placeholder=\"Asunto\" value=\"\" type=\"text\" name=\"your-subject\" \/><\/span> <\/div>\n<\/div>\n<div class=\"row\">\n   <div class=\"col-sm-12 col-xs-12\"><span class=\"wpcf7-form-control-wrap\" data-name=\"rows:4\"><textarea cols=\"40\" rows=\"10\" maxlength=\"2000\" class=\"wpcf7-form-control wpcf7-textarea\" aria-invalid=\"false\" placeholder=\"Mensaje\" name=\"rows:4\"><\/textarea><\/span> <\/div>\n   <div class=\"col-sm-12 col-xs-12 action text-left\"><input class=\"wpcf7-form-control wpcf7-submit has-spinner\" type=\"submit\" value=\"Send\" \/><\/div>\n<\/div><div class=\"wpcf7-response-output\" aria-hidden=\"true\"><\/div>\n<\/form>\n<\/div>\n<\/div>\n\t\t\t\t<\/div>\n\t\t\t\t<\/div>\n\t\t\t\t\t<\/div>\n\t\t<\/div>\n\t\t\t\t\t<\/div>\n\t\t<\/section>\n\t\t\t\t<section class=\"elementor-section elementor-top-section elementor-element elementor-element-8892d6e elementor-section-boxed elementor-section-height-default elementor-section-height-default\" data-id=\"8892d6e\" data-element_type=\"section\">\n\t\t\t\t\t\t<div class=\"elementor-container elementor-column-gap-default\">\n\t\t\t\t\t<div class=\"elementor-column elementor-col-33 elementor-top-column elementor-element elementor-element-7199cc1\" data-id=\"7199cc1\" data-element_type=\"column\">\n\t\t\t<div class=\"elementor-widget-wrap elementor-element-populated\">\n\t\t\t\t\t\t<div class=\"elementor-element elementor-element-a3445a0 elementor-widget elementor-widget-gva-icon-box-styles\" data-id=\"a3445a0\" data-element_type=\"widget\" data-widget_type=\"gva-icon-box-styles.default\">\n\t\t\t\t<div class=\"elementor-widget-container\">\n\t\t\t<div class=\"gva-element-gva-icon-box-styles gva-element\">\r\n   \r\n   \r\n         <div class=\"widget gsc-icon-box-styles style-3\">\r\n         <div class=\"block-content\">\r\n            <div class=\"content-inner\">\r\n               \r\n                                 <h3 class=\"title\">\r\n                     <a href=\"#\">Horario<\/a>                  <\/h3>\r\n               \r\n                                 <div class=\"desc\">Abierto:<br> Lunes - Viernes: 8.00am - 7.00pm\nCerrado: S\u00e1bado - Domingo - <br>D\u00edas Festivos<\/div>\r\n               \r\n            <\/div>\r\n         <\/div>   \r\n      <\/div> \r\n      \r\n\r\n\r\n<\/div>\t\t<\/div>\n\t\t\t\t<\/div>\n\t\t\t\t\t<\/div>\n\t\t<\/div>\n\t\t\t\t<div class=\"elementor-column elementor-col-33 elementor-top-column elementor-element elementor-element-d567be4\" data-id=\"d567be4\" data-element_type=\"column\">\n\t\t\t<div class=\"elementor-widget-wrap elementor-element-populated\">\n\t\t\t\t\t\t<div class=\"elementor-element elementor-element-4d28716 elementor-widget elementor-widget-gva-icon-box-styles\" data-id=\"4d28716\" data-element_type=\"widget\" data-widget_type=\"gva-icon-box-styles.default\">\n\t\t\t\t<div class=\"elementor-widget-container\">\n\t\t\t<div class=\"gva-element-gva-icon-box-styles gva-element\">\r\n   \r\n   \r\n         <div class=\"widget gsc-icon-box-styles style-3\">\r\n         <div class=\"block-content\">\r\n            <div class=\"content-inner\">\r\n               \r\n                                 <h3 class=\"title\">\r\n                     <a href=\"#\">DIrecci\u00f3n<\/a>                  <\/h3>\r\n               \r\n                                 <div class=\"desc\">Direcci\u00f3n: Park Plaza Torre I, <br>Av. Javier Barros Sierra No. 540 piso 1, Oficina 101,\nI Col. Santa Fe C.P 01210. Ciudad de M\u00e9xico, CDMX<\/div>\r\n               \r\n            <\/div>\r\n         <\/div>   \r\n      <\/div> \r\n      \r\n\r\n\r\n<\/div>\t\t<\/div>\n\t\t\t\t<\/div>\n\t\t\t\t\t<\/div>\n\t\t<\/div>\n\t\t\t\t<div class=\"elementor-column elementor-col-33 elementor-top-column elementor-element elementor-element-28589d1\" data-id=\"28589d1\" data-element_type=\"column\">\n\t\t\t<div class=\"elementor-widget-wrap elementor-element-populated\">\n\t\t\t\t\t\t<div class=\"elementor-element elementor-element-0313f3b elementor-widget elementor-widget-gva-icon-box-styles\" data-id=\"0313f3b\" data-element_type=\"widget\" data-widget_type=\"gva-icon-box-styles.default\">\n\t\t\t\t<div class=\"elementor-widget-container\">\n\t\t\t<div class=\"gva-element-gva-icon-box-styles gva-element\">\r\n   \r\n   \r\n         <div class=\"widget gsc-icon-box-styles style-3\">\r\n         <div class=\"block-content\">\r\n            <div class=\"content-inner\">\r\n               \r\n                                 <h3 class=\"title\">\r\n                     <a href=\"#\">Contacto<\/a>                  <\/h3>\r\n               \r\n                                 <div class=\"desc\">Mail: contacto@bsconsultores.biz\nTel\u00e9fonos: <br>55 5292 2242 \n<br>55 5292 2325  <br> 55 5615 4109<\/div>\r\n               \r\n            <\/div>\r\n         <\/div>   \r\n      <\/div> \r\n      \r\n\r\n\r\n<\/div>\t\t<\/div>\n\t\t\t\t<\/div>\n\t\t\t\t\t<\/div>\n\t\t<\/div>\n\t\t\t\t\t<\/div>\n\t\t<\/section>\n\t\t\t\t<section class=\"elementor-section elementor-top-section elementor-element elementor-element-50fad3f elementor-section-full_width elementor-section-height-default elementor-section-height-default\" data-id=\"50fad3f\" data-element_type=\"section\">\n\t\t\t\t\t\t<div class=\"elementor-container elementor-column-gap-default\">\n\t\t\t\t\t<div class=\"elementor-column elementor-col-100 elementor-top-column elementor-element elementor-element-0260db7\" data-id=\"0260db7\" data-element_type=\"column\">\n\t\t\t<div class=\"elementor-widget-wrap elementor-element-populated\">\n\t\t\t\t\t\t<div class=\"elementor-element elementor-element-7a8e345 elementor-widget elementor-widget-text-editor\" data-id=\"7a8e345\" data-element_type=\"widget\" data-widget_type=\"text-editor.default\">\n\t\t\t\t<div class=\"elementor-widget-container\">\n\t\t\t\t\t\t\t<iframe src=\"https:\/\/www.google.com\/maps\/embed?pb=!1m18!1m12!1m3!1d470.51325341140046!2d-99.26018613717133!3d19.364561200000008!2m3!1f0!2f0!3f0!3m2!1i1024!2i768!4f13.1!3m3!1m2!1s0x85d200c3afac1d9f%3A0x6098d3dfa05a09ce!2sAv.%20Javier%20Barros%20Sierra%20%23540-Torre%201%2C%20Lomas%20de%20Santa%20Fe%2C%20Zedec%20Sta%20F%C3%A9%2C%20%C3%81lvaro%20Obreg%C3%B3n%2C%2001210%20Ciudad%20de%20M%C3%A9xico%2C%20CDMX!5e0!3m2!1ses-419!2smx!4v1673374655397!5m2!1ses-419!2smx\" width=\"1082\" height=\"642\" style=\"border:0;\" allowfullscreen=\"\" loading=\"lazy\" referrerpolicy=\"no-referrer-when-downgrade\"><\/iframe>\n\t\t\t\t\t\t<\/div>\n\t\t\t\t<\/div>\n\t\t\t\t\t<\/div>\n\t\t<\/div>\n\t\t\t\t\t<\/div>\n\t\t<\/section>\n\t\t\t\t<\/div>\n\t\t","protected":false},"excerpt":{"rendered":"<p>Comunicate \u201cCONT\u00c1CTENOS PARA QUE PODAMOS AYUDARLE \u201d \u00bfLe gustar\u00eda hablar por tel\u00e9fono con uno de nuestros asesores? Simplemente env\u00ede sus datos yEstaremos en contacto en breve. Tambi\u00e9n puede enviarnos un correo electr\u00f3nico si lo prefiere Horario Abierto: Lunes &#8211; Viernes: 8.00am &#8211; 7.00pm Cerrado: S\u00e1bado &#8211; Domingo &#8211; D\u00edas Festivos DIrecci\u00f3n Direcci\u00f3n: Park Plaza Torre [&hellip;]<\/p>\n","protected":false},"author":1,"featured_media":0,"parent":0,"menu_order":0,"comment_status":"closed","ping_status":"closed","template":"","meta":{"footnotes":""},"class_list":["post-610","page","type-page","status-publish","hentry"],"_links":{"self":[{"href":"https:\/\/www.luciernaga.com.mx\/bs-consultores\/wp-json\/wp\/v2\/pages\/610","targetHints":{"allow":["GET"]}}],"collection":[{"href":"https:\/\/www.luciernaga.com.mx\/bs-consultores\/wp-json\/wp\/v2\/pages"}],"about":[{"href":"https:\/\/www.luciernaga.com.mx\/bs-consultores\/wp-json\/wp\/v2\/types\/page"}],"author":[{"embeddable":true,"href":"https:\/\/www.luciernaga.com.mx\/bs-consultores\/wp-json\/wp\/v2\/users\/1"}],"replies":[{"embeddable":true,"href":"https:\/\/www.luciernaga.com.mx\/bs-consultores\/wp-json\/wp\/v2\/comments?post=610"}],"version-history":[{"count":33,"href":"https:\/\/www.luciernaga.com.mx\/bs-consultores\/wp-json\/wp\/v2\/pages\/610\/revisions"}],"predecessor-version":[{"id":6338,"href":"https:\/\/www.luciernaga.com.mx\/bs-consultores\/wp-json\/wp\/v2\/pages\/610\/revisions\/6338"}],"wp:attachment":[{"href":"https:\/\/www.luciernaga.com.mx\/bs-consultores\/wp-json\/wp\/v2\/media?parent=610"}],"curies":[{"name":"wp","href":"https:\/\/api.w.org\/{rel}","templated":true}]}}