{"id":612,"date":"2016-03-07T03:11:04","date_gmt":"2016-03-07T03:11:04","guid":{"rendered":"https:\/\/themesgavias.com\/wp\/vizeon\/?page_id=612"},"modified":"2023-01-18T00:50:50","modified_gmt":"2023-01-18T00:50:50","slug":"about-page","status":"publish","type":"page","link":"https:\/\/www.luciernaga.com.mx\/bs-consultores\/about-page\/","title":{"rendered":"Nosotros"},"content":{"rendered":"\t\t<div data-elementor-type=\"wp-post\" data-elementor-id=\"612\" class=\"elementor elementor-612\">\n\t\t\t\t\t\t<section class=\"elementor-section elementor-top-section elementor-element elementor-element-d3855b0 elementor-section-boxed elementor-section-height-default elementor-section-height-default\" data-id=\"d3855b0\" data-element_type=\"section\">\n\t\t\t\t\t\t<div class=\"elementor-container elementor-column-gap-default\">\n\t\t\t\t\t<div class=\"elementor-column elementor-col-100 elementor-top-column elementor-element elementor-element-7ec57df\" data-id=\"7ec57df\" data-element_type=\"column\">\n\t\t\t<div class=\"elementor-widget-wrap elementor-element-populated\">\n\t\t\t\t\t\t<div class=\"elementor-element elementor-element-2f1dad0 elementor-widget elementor-widget-gva-heading-block\" data-id=\"2f1dad0\" data-element_type=\"widget\" data-widget_type=\"gva-heading-block.default\">\n\t\t\t\t<div class=\"elementor-widget-container\">\n\t\t\t<div class=\"gva-element-gva-heading-block gva-element\">   <div class=\"align-center style-1 widget gsc-heading\">\r\n      <div class=\"content-inner\">\r\n         \r\n                     <div class=\"heading-icon\"><img decoding=\"async\" src=\"https:\/\/www.luciernaga.com.mx\/bs-consultores\/wp-content\/plugins\/vizeon-themer\/elementor\/assets\/images\/icon-heading.png\" alt=\"\u00bfQui\u00e9nes somos?\"\/><\/div>\r\n                  \r\n           \r\n         \r\n                     <h2 class=\"title\">\r\n               <span>\u00bfQui\u00e9nes somos?<\/span>\r\n            <\/h2>\r\n                              <div class=\"title-desc\"><div class=\"elementor-element elementor-element-87374ca elementor-widget elementor-widget-cms_heading\" data-id=\"87374ca\" data-element_type=\"widget\" data-widget_type=\"cms_heading.default\"><div class=\"elementor-widget-container\"><div class=\"cms-heading layout2\"><h2 class=\"custom-heading font-smooth\">&nbsp;<\/h2><\/div><\/div><\/div><div class=\"elementor-element elementor-element-c6d4f13 elementor-widget elementor-widget-text-editor\" data-id=\"c6d4f13\" data-element_type=\"widget\" data-widget_type=\"text-editor.default\"><div class=\"elementor-widget-container\"><div class=\"elementor-text-editor elementor-clearfix\"><p>Somos una empresa de servicios de Asesor\u00eda Patrimonial, Contabilidad y Fiscal, Asesor\u00eda Legal, Capital Humano Inteligencia de Negocios, Precios de Transferencia Infraestructura y Soporte, Tesorer\u00eda que por m\u00e1s de 10 a\u00f1os ha venido consolid\u00e1ndose como una firma con una importante imagen en el \u00e1mbito de los negocios.<\/p><p>La experiencia de nuestros Socios y Gerentes nos permite ofrecer un servicio con un alto grado de calidad profesional.<\/p><\/div><\/div><\/div><\/div>\r\n         \r\n         \r\n      <\/div>\r\n   <\/div>\r\n   <div class=\"clearfix\"><\/div>\r\n<\/div>\t\t<\/div>\n\t\t\t\t<\/div>\n\t\t\t\t<section class=\"elementor-section elementor-inner-section elementor-element elementor-element-fbbc9f5 elementor-section-boxed elementor-section-height-default elementor-section-height-default\" data-id=\"fbbc9f5\" data-element_type=\"section\">\n\t\t\t\t\t\t<div class=\"elementor-container elementor-column-gap-default\">\n\t\t\t\t\t<div class=\"elementor-column elementor-col-33 elementor-inner-column elementor-element elementor-element-f84afe5\" data-id=\"f84afe5\" data-element_type=\"column\">\n\t\t\t<div class=\"elementor-widget-wrap elementor-element-populated\">\n\t\t\t\t\t\t<div class=\"elementor-element elementor-element-112e4c2 elementor-widget elementor-widget-image\" data-id=\"112e4c2\" data-element_type=\"widget\" data-widget_type=\"image.default\">\n\t\t\t\t<div class=\"elementor-widget-container\">\n\t\t\t\t\t\t\t\t\t\t\t\t\t<img fetchpriority=\"high\" decoding=\"async\" width=\"370\" height=\"279\" src=\"https:\/\/www.luciernaga.com.mx\/bs-consultores\/wp-content\/uploads\/2019\/05\/image-6.jpg\" class=\"attachment-full size-full wp-image-5075\" alt=\"\" \/>\t\t\t\t\t\t\t\t\t\t\t\t\t<\/div>\n\t\t\t\t<\/div>\n\t\t\t\t\t<\/div>\n\t\t<\/div>\n\t\t\t\t<div class=\"elementor-column elementor-col-33 elementor-inner-column elementor-element elementor-element-42d1775\" data-id=\"42d1775\" data-element_type=\"column\">\n\t\t\t<div class=\"elementor-widget-wrap elementor-element-populated\">\n\t\t\t\t\t\t<div class=\"elementor-element elementor-element-6ceb467 elementor-widget elementor-widget-image\" data-id=\"6ceb467\" data-element_type=\"widget\" data-widget_type=\"image.default\">\n\t\t\t\t<div class=\"elementor-widget-container\">\n\t\t\t\t\t\t\t\t\t\t\t\t\t<img decoding=\"async\" width=\"370\" height=\"279\" src=\"https:\/\/www.luciernaga.com.mx\/bs-consultores\/wp-content\/uploads\/2019\/05\/image-7.jpg\" class=\"attachment-full size-full wp-image-5076\" alt=\"\" \/>\t\t\t\t\t\t\t\t\t\t\t\t\t<\/div>\n\t\t\t\t<\/div>\n\t\t\t\t\t<\/div>\n\t\t<\/div>\n\t\t\t\t<div class=\"elementor-column elementor-col-33 elementor-inner-column elementor-element elementor-element-0c59204\" data-id=\"0c59204\" data-element_type=\"column\">\n\t\t\t<div class=\"elementor-widget-wrap elementor-element-populated\">\n\t\t\t\t\t\t<div class=\"elementor-element elementor-element-0add38d elementor-widget elementor-widget-image\" data-id=\"0add38d\" data-element_type=\"widget\" data-widget_type=\"image.default\">\n\t\t\t\t<div class=\"elementor-widget-container\">\n\t\t\t\t\t\t\t\t\t\t\t\t\t<img decoding=\"async\" width=\"370\" height=\"279\" src=\"https:\/\/www.luciernaga.com.mx\/bs-consultores\/wp-content\/uploads\/2019\/05\/image-8.jpg\" class=\"attachment-full size-full wp-image-5074\" alt=\"\" \/>\t\t\t\t\t\t\t\t\t\t\t\t\t<\/div>\n\t\t\t\t<\/div>\n\t\t\t\t\t<\/div>\n\t\t<\/div>\n\t\t\t\t\t<\/div>\n\t\t<\/section>\n\t\t\t\t<section class=\"elementor-section elementor-inner-section elementor-element elementor-element-1806a03 elementor-section-boxed elementor-section-height-default elementor-section-height-default\" data-id=\"1806a03\" data-element_type=\"section\">\n\t\t\t\t\t\t<div class=\"elementor-container elementor-column-gap-default\">\n\t\t\t\t\t<div class=\"elementor-column elementor-col-100 elementor-inner-column elementor-element elementor-element-3e8ff05\" data-id=\"3e8ff05\" data-element_type=\"column\">\n\t\t\t<div class=\"elementor-widget-wrap elementor-element-populated\">\n\t\t\t\t\t\t<div class=\"elementor-element elementor-element-7a216cb width-900 animated-slow elementor-invisible elementor-widget elementor-widget-text-editor\" data-id=\"7a216cb\" data-element_type=\"widget\" data-settings=\"{&quot;_animation&quot;:&quot;slideInLeft&quot;,&quot;_animation_delay&quot;:200}\" data-widget_type=\"text-editor.default\">\n\t\t\t\t<div class=\"elementor-widget-container\">\n\t\t\t\t\t\t\t<div data-id=\"73fc637\" data-element_type=\"widget\" data-widget_type=\"cms_heading.default\"><div><div><div><strong>NUESTRA MISI\u00d3N<\/strong><\/div><h2>Buscamos su tranquilidad en las Negociaciones<\/h2><\/div><\/div><\/div><div data-id=\"203c521\" data-element_type=\"widget\" data-widget_type=\"html.default\"><div><p>Ser la firma que ofrezca la mejor opci\u00f3n en servicios fiscales y financieros en\u00a0M\u00e9xico\u00a0con un nivel superior en calidad y oportunidad, tanto para nuestros clientes como para los posibles\u00a0usuarios de nuestro servicio. Nuestra principal ocupaci\u00f3n es proporcionar servicios profesionales y de calidad. Para ello nuestra firma cuenta con un amplio programa de capacitaci\u00f3n, en el que todo nuestro personal por pol\u00edtica institucional, participa activa y permanentemente.<\/p><p><b>NUESTROS VALORES<\/b><\/p><p>Nuestro compromiso con la excelencia en nuestros procesos asegura el retorno de inversi\u00f3n, con nuestra metodolog\u00eda da trabajo sustentada <em>en <\/em>conocimiento, \u00e9tica y profesionalismo.<\/p><\/div><\/div>\t\t\t\t\t\t<\/div>\n\t\t\t\t<\/div>\n\t\t\t\t\t<\/div>\n\t\t<\/div>\n\t\t\t\t\t<\/div>\n\t\t<\/section>\n\t\t\t\t\t<\/div>\n\t\t<\/div>\n\t\t\t\t\t<\/div>\n\t\t<\/section>\n\t\t\t\t<section class=\"elementor-section elementor-top-section elementor-element elementor-element-3544bf8 elementor-section-boxed elementor-section-height-default elementor-section-height-default\" data-id=\"3544bf8\" data-element_type=\"section\">\n\t\t\t\t\t\t<div class=\"elementor-container elementor-column-gap-default\">\n\t\t\t\t\t<div class=\"elementor-column elementor-col-25 elementor-top-column elementor-element elementor-element-b4829ea\" data-id=\"b4829ea\" data-element_type=\"column\">\n\t\t\t<div class=\"elementor-widget-wrap elementor-element-populated\">\n\t\t\t\t\t\t<div class=\"elementor-element elementor-element-96793c2 elementor-position-top elementor-widget elementor-widget-image-box\" data-id=\"96793c2\" data-element_type=\"widget\" data-widget_type=\"image-box.default\">\n\t\t\t\t<div class=\"elementor-widget-container\">\n\t\t\t<div class=\"elementor-image-box-wrapper\"><figure class=\"elementor-image-box-img\"><a href=\"https:\/\/www.luciernaga.com.mx\/bs-consultores\/service\/contabilidad\/\" tabindex=\"-1\"><img loading=\"lazy\" decoding=\"async\" width=\"768\" height=\"512\" src=\"https:\/\/www.luciernaga.com.mx\/bs-consultores\/wp-content\/uploads\/2023\/01\/ewrwerwre-768x512.jpg\" class=\"attachment-medium_large size-medium_large wp-image-6339\" alt=\"\" \/><\/a><\/figure><div class=\"elementor-image-box-content\"><h3 class=\"elementor-image-box-title\"><a href=\"https:\/\/www.luciernaga.com.mx\/bs-consultores\/service\/contabilidad\/\">Contabilidad y Fiscal<\/a><\/h3><\/div><\/div>\t\t<\/div>\n\t\t\t\t<\/div>\n\t\t\t\t<div class=\"elementor-element elementor-element-b4e9fb2 elementor-position-top elementor-widget elementor-widget-image-box\" data-id=\"b4e9fb2\" data-element_type=\"widget\" data-widget_type=\"image-box.default\">\n\t\t\t\t<div class=\"elementor-widget-container\">\n\t\t\t<div class=\"elementor-image-box-wrapper\"><figure class=\"elementor-image-box-img\"><a href=\"https:\/\/www.luciernaga.com.mx\/bs-consultores\/service\/precios-de-transferencia\/\" tabindex=\"-1\"><img loading=\"lazy\" decoding=\"async\" width=\"768\" height=\"512\" src=\"https:\/\/www.luciernaga.com.mx\/bs-consultores\/wp-content\/uploads\/2023\/01\/dadsfas-768x512.jpg\" class=\"attachment-medium_large size-medium_large wp-image-6306\" alt=\"\" \/><\/a><\/figure><div class=\"elementor-image-box-content\"><h3 class=\"elementor-image-box-title\"><a href=\"https:\/\/www.luciernaga.com.mx\/bs-consultores\/service\/precios-de-transferencia\/\">Precios De Transferencia<\/a><\/h3><\/div><\/div>\t\t<\/div>\n\t\t\t\t<\/div>\n\t\t\t\t\t<\/div>\n\t\t<\/div>\n\t\t\t\t<div class=\"elementor-column elementor-col-25 elementor-top-column elementor-element elementor-element-f9fbe5b\" data-id=\"f9fbe5b\" data-element_type=\"column\">\n\t\t\t<div class=\"elementor-widget-wrap elementor-element-populated\">\n\t\t\t\t\t\t<div class=\"elementor-element elementor-element-226634d elementor-position-top elementor-widget elementor-widget-image-box\" data-id=\"226634d\" data-element_type=\"widget\" data-widget_type=\"image-box.default\">\n\t\t\t\t<div class=\"elementor-widget-container\">\n\t\t\t<div class=\"elementor-image-box-wrapper\"><figure class=\"elementor-image-box-img\"><a href=\"https:\/\/www.luciernaga.com.mx\/bs-consultores\/service\/asesoria-patrimonial\/\" tabindex=\"-1\"><img loading=\"lazy\" decoding=\"async\" width=\"768\" height=\"512\" src=\"https:\/\/www.luciernaga.com.mx\/bs-consultores\/wp-content\/uploads\/2022\/12\/Untireetled-2-768x512.jpg\" class=\"attachment-medium_large size-medium_large wp-image-6092\" alt=\"\" \/><\/a><\/figure><div class=\"elementor-image-box-content\"><h3 class=\"elementor-image-box-title\"><a href=\"https:\/\/www.luciernaga.com.mx\/bs-consultores\/service\/asesoria-patrimonial\/\">Asesor\u00eda Patrimonial<\/a><\/h3><\/div><\/div>\t\t<\/div>\n\t\t\t\t<\/div>\n\t\t\t\t<div class=\"elementor-element elementor-element-9fa9ee8 elementor-position-top elementor-widget elementor-widget-image-box\" data-id=\"9fa9ee8\" data-element_type=\"widget\" data-widget_type=\"image-box.default\">\n\t\t\t\t<div class=\"elementor-widget-container\">\n\t\t\t<div class=\"elementor-image-box-wrapper\"><figure class=\"elementor-image-box-img\"><a href=\"https:\/\/www.luciernaga.com.mx\/bs-consultores\/service\/infraestructura-y-soporte-tecnico\/\" tabindex=\"-1\"><img loading=\"lazy\" decoding=\"async\" width=\"768\" height=\"513\" src=\"https:\/\/www.luciernaga.com.mx\/bs-consultores\/wp-content\/uploads\/2022\/12\/WERWEREWorking-2021-08-29-16-42-05-utc-768x513.jpg\" class=\"attachment-medium_large size-medium_large wp-image-6221\" alt=\"\" \/><\/a><\/figure><div class=\"elementor-image-box-content\"><h3 class=\"elementor-image-box-title\"><a href=\"https:\/\/www.luciernaga.com.mx\/bs-consultores\/service\/infraestructura-y-soporte-tecnico\/\">Infraestructura y Soporte<\/a><\/h3><\/div><\/div>\t\t<\/div>\n\t\t\t\t<\/div>\n\t\t\t\t\t<\/div>\n\t\t<\/div>\n\t\t\t\t<div class=\"elementor-column elementor-col-25 elementor-top-column elementor-element elementor-element-a1b8423\" data-id=\"a1b8423\" data-element_type=\"column\">\n\t\t\t<div class=\"elementor-widget-wrap elementor-element-populated\">\n\t\t\t\t\t\t<div class=\"elementor-element elementor-element-97b20b5 elementor-position-top elementor-widget elementor-widget-image-box\" data-id=\"97b20b5\" data-element_type=\"widget\" data-widget_type=\"image-box.default\">\n\t\t\t\t<div class=\"elementor-widget-container\">\n\t\t\t<div class=\"elementor-image-box-wrapper\"><figure class=\"elementor-image-box-img\"><a href=\"https:\/\/www.luciernaga.com.mx\/bs-consultores\/service\/recursos-humanos\/\" tabindex=\"-1\"><img loading=\"lazy\" decoding=\"async\" width=\"768\" height=\"512\" src=\"https:\/\/www.luciernaga.com.mx\/bs-consultores\/wp-content\/uploads\/2022\/12\/werwer-768x512.jpg\" class=\"attachment-medium_large size-medium_large wp-image-6108\" alt=\"\" \/><\/a><\/figure><div class=\"elementor-image-box-content\"><h3 class=\"elementor-image-box-title\"><a href=\"https:\/\/www.luciernaga.com.mx\/bs-consultores\/service\/recursos-humanos\/\">Capital Humano<\/a><\/h3><\/div><\/div>\t\t<\/div>\n\t\t\t\t<\/div>\n\t\t\t\t<div class=\"elementor-element elementor-element-fdbbbf9 elementor-position-top elementor-widget elementor-widget-image-box\" data-id=\"fdbbbf9\" data-element_type=\"widget\" data-widget_type=\"image-box.default\">\n\t\t\t\t<div class=\"elementor-widget-container\">\n\t\t\t<div class=\"elementor-image-box-wrapper\"><figure class=\"elementor-image-box-img\"><a href=\"https:\/\/www.luciernaga.com.mx\/bs-consultores\/service\/tesoreria\/\" tabindex=\"-1\"><img loading=\"lazy\" decoding=\"async\" width=\"768\" height=\"512\" src=\"https:\/\/www.luciernaga.com.mx\/bs-consultores\/wp-content\/uploads\/2022\/12\/Untitledwerwer-2-768x512.jpg\" class=\"attachment-medium_large size-medium_large wp-image-6103\" alt=\"\" \/><\/a><\/figure><div class=\"elementor-image-box-content\"><h3 class=\"elementor-image-box-title\"><a href=\"https:\/\/www.luciernaga.com.mx\/bs-consultores\/service\/tesoreria\/\">Tesorer\u00eda<\/a><\/h3><\/div><\/div>\t\t<\/div>\n\t\t\t\t<\/div>\n\t\t\t\t\t<\/div>\n\t\t<\/div>\n\t\t\t\t<div class=\"elementor-column elementor-col-25 elementor-top-column elementor-element elementor-element-12511cf\" data-id=\"12511cf\" data-element_type=\"column\">\n\t\t\t<div class=\"elementor-widget-wrap elementor-element-populated\">\n\t\t\t\t\t\t<div class=\"elementor-element elementor-element-c7f0a25 elementor-position-top elementor-widget elementor-widget-image-box\" data-id=\"c7f0a25\" data-element_type=\"widget\" data-widget_type=\"image-box.default\">\n\t\t\t\t<div class=\"elementor-widget-container\">\n\t\t\t<div class=\"elementor-image-box-wrapper\"><figure class=\"elementor-image-box-img\"><a href=\"https:\/\/www.luciernaga.com.mx\/bs-consultores\/service\/inteligencia-de-negocios\/\" tabindex=\"-1\"><img loading=\"lazy\" decoding=\"async\" width=\"768\" height=\"512\" src=\"https:\/\/www.luciernaga.com.mx\/bs-consultores\/wp-content\/uploads\/2022\/12\/Untitledteteert-2-768x512.jpg\" class=\"attachment-medium_large size-medium_large wp-image-6081\" alt=\"\" \/><\/a><\/figure><div class=\"elementor-image-box-content\"><h3 class=\"elementor-image-box-title\"><a href=\"https:\/\/www.luciernaga.com.mx\/bs-consultores\/service\/inteligencia-de-negocios\/\">Inteligencia  de negocios<\/a><\/h3><\/div><\/div>\t\t<\/div>\n\t\t\t\t<\/div>\n\t\t\t\t\t<\/div>\n\t\t<\/div>\n\t\t\t\t\t<\/div>\n\t\t<\/section>\n\t\t\t\t<section class=\"elementor-section elementor-top-section elementor-element elementor-element-227449f elementor-section-boxed elementor-section-height-default elementor-section-height-default\" data-id=\"227449f\" data-element_type=\"section\">\n\t\t\t\t\t\t<div class=\"elementor-container elementor-column-gap-default\">\n\t\t\t\t\t<div class=\"elementor-column elementor-col-100 elementor-top-column elementor-element elementor-element-3429026\" data-id=\"3429026\" data-element_type=\"column\">\n\t\t\t<div class=\"elementor-widget-wrap elementor-element-populated\">\n\t\t\t\t\t\t<div class=\"elementor-element elementor-element-f87cf77 elementor-align-center elementor-widget elementor-widget-button\" data-id=\"f87cf77\" data-element_type=\"widget\" data-widget_type=\"button.default\">\n\t\t\t\t<div class=\"elementor-widget-container\">\n\t\t\t\t\t<div class=\"elementor-button-wrapper\">\n\t\t\t<a class=\"elementor-button elementor-button-link elementor-size-sm\" href=\"#\">\n\t\t\t\t\t\t<span class=\"elementor-button-content-wrapper\">\n\t\t\t\t\t\t\t\t\t<span class=\"elementor-button-text\">Contacto<\/span>\n\t\t\t\t\t<\/span>\n\t\t\t\t\t<\/a>\n\t\t<\/div>\n\t\t\t\t<\/div>\n\t\t\t\t<\/div>\n\t\t\t\t\t<\/div>\n\t\t<\/div>\n\t\t\t\t\t<\/div>\n\t\t<\/section>\n\t\t\t\t<\/div>\n\t\t","protected":false},"excerpt":{"rendered":"<p>\u00bfQui\u00e9nes somos? &nbsp; Somos una empresa de servicios de Asesor\u00eda Patrimonial, Contabilidad y Fiscal, Asesor\u00eda Legal, Capital Humano Inteligencia de Negocios, Precios de Transferencia Infraestructura y Soporte, Tesorer\u00eda que por m\u00e1s de 10 a\u00f1os ha venido consolid\u00e1ndose como una firma con una importante imagen en el \u00e1mbito de los negocios. La experiencia de nuestros Socios [&hellip;]<\/p>\n","protected":false},"author":1,"featured_media":5992,"parent":0,"menu_order":0,"comment_status":"closed","ping_status":"closed","template":"","meta":{"footnotes":""},"class_list":["post-612","page","type-page","status-publish","has-post-thumbnail","hentry"],"_links":{"self":[{"href":"https:\/\/www.luciernaga.com.mx\/bs-consultores\/wp-json\/wp\/v2\/pages\/612","targetHints":{"allow":["GET"]}}],"collection":[{"href":"https:\/\/www.luciernaga.com.mx\/bs-consultores\/wp-json\/wp\/v2\/pages"}],"about":[{"href":"https:\/\/www.luciernaga.com.mx\/bs-consultores\/wp-json\/wp\/v2\/types\/page"}],"author":[{"embeddable":true,"href":"https:\/\/www.luciernaga.com.mx\/bs-consultores\/wp-json\/wp\/v2\/users\/1"}],"replies":[{"embeddable":true,"href":"https:\/\/www.luciernaga.com.mx\/bs-consultores\/wp-json\/wp\/v2\/comments?post=612"}],"version-history":[{"count":111,"href":"https:\/\/www.luciernaga.com.mx\/bs-consultores\/wp-json\/wp\/v2\/pages\/612\/revisions"}],"predecessor-version":[{"id":6398,"href":"https:\/\/www.luciernaga.com.mx\/bs-consultores\/wp-json\/wp\/v2\/pages\/612\/revisions\/6398"}],"wp:featuredmedia":[{"embeddable":true,"href":"https:\/\/www.luciernaga.com.mx\/bs-consultores\/wp-json\/wp\/v2\/media\/5992"}],"wp:attachment":[{"href":"https:\/\/www.luciernaga.com.mx\/bs-consultores\/wp-json\/wp\/v2\/media?parent=612"}],"curies":[{"name":"wp","href":"https:\/\/api.w.org\/{rel}","templated":true}]}}